{"id":996,"date":"2026-02-13T20:33:54","date_gmt":"2026-02-13T19:33:54","guid":{"rendered":"https:\/\/bezugla.de\/treatment-and-diagnostics-in-berlin\/"},"modified":"2026-05-08T18:29:25","modified_gmt":"2026-05-08T16:29:25","slug":"cooperation-specialist-clinics-berlin","status":"publish","type":"page","link":"https:\/\/bezugla.de\/en\/cooperation-specialist-clinics-berlin\/","title":{"rendered":"Cooperation with Specialist Clinics in Berlin"},"content":{"rendered":"\n<p class=\"tm-h1 light tm-margin-xdefault-bottom\">Our center collaborates with specialized medical institutions and diagnostic providers in Berlin.<\/p>\n\n\n\n<p>If needed, we facilitate structured referrals to appropriate specialists and support patients with the organizational process.<\/p>\n\n\n\n<p class=\" tm-h4 tm-margin-2xlarge-bottom\">Existing medical reports and laboratory results are carefully integrated into your <strong>long-term nutrition and prevention strategy<\/strong>.<\/p>\n\n\n\n<div class=\"wp-block-columns tm-margin-2xlarge-bottom is-layout-flex wp-container-core-columns-is-layout-9d6595d7 wp-block-columns-is-layout-flex\">\n<div class=\"wp-block-column is-layout-flow wp-block-column-is-layout-flow\" style=\"flex-basis:40%\">\n<p class=\"tm-h1\">Our Role<\/p>\n<\/div>\n\n\n\n<div class=\"wp-block-column is-layout-flow wp-block-column-is-layout-flow\" style=\"flex-basis:60%\">\n<div class=\"tm-list tm-flex tm-flex-column tm-row-gap30\">\n        \n                            <div class=\"tm-list-item\">\n                    Clarity instead of uncertainty.\r\n                <\/div>\n                            <div class=\"tm-list-item\">\n                    Structure instead of overwhelm.\r\n                <\/div>\n                            <div class=\"tm-list-item\">\n                    Personalized strategy instead of standard solutions.                <\/div>\n                            <div class=\"tm-list-item\">\n                    Responsible guidance.                <\/div>\n              \n     \n<\/div><\/div>\n<\/div>\n\n\n\n<p class=\"tm-h1 light\">Our prevention center provides nutrition consulting and preventive support.<br>Diagnostics, therapy, and medical treatment are carried out in specialized medical institutions.<\/p>\n\n\n\n<p class=\"tm-h1 light\"><\/p>\n","protected":false},"excerpt":{"rendered":"<p>Our center collaborates with specialized medical institutions and diagnostic providers in Berlin. If needed, we facilitate structured referrals to appropriate specialists and support patients with the organizational process. Existing medical reports and laboratory results are carefully integrated into your long-term nutrition and prevention strategy. Our Role Our prevention center provides nutrition consulting and preventive support.Diagnostics, [&hellip;]<\/p>\n","protected":false},"author":1,"featured_media":0,"parent":0,"menu_order":0,"comment_status":"closed","ping_status":"closed","template":"","meta":{"_acf_changed":false,"inline_featured_image":false,"footnotes":""},"class_list":["post-996","page","type-page","status-publish","hentry"],"acf":[],"yoast_head":"<!-- This site is optimized with the Yoast SEO plugin v27.4 - https:\/\/yoast.com\/product\/yoast-seo-wordpress\/ -->\n<title>Diagnostics &amp; cooperation with clinics in Berlin<\/title>\n<meta name=\"description\" content=\"Cooperation with specialist clinics in Berlin. We provide organizational support and integrate medical findings into your nutritional strategy.\" \/>\n<meta name=\"robots\" content=\"noindex, follow, max-snippet:-1, max-image-preview:large, max-video-preview:-1\" \/>\n<meta property=\"og:locale\" content=\"en_US\" \/>\n<meta property=\"og:type\" content=\"article\" \/>\n<meta property=\"og:title\" content=\"Diagnostics &amp; cooperation with clinics in Berlin\" \/>\n<meta property=\"og:description\" content=\"Cooperation with specialist clinics in Berlin. We provide organizational support and integrate medical findings into your nutritional strategy.\" \/>\n<meta property=\"og:url\" content=\"https:\/\/bezugla.de\/en\/cooperation-specialist-clinics-berlin\/\" \/>\n<meta property=\"og:site_name\" content=\"Zentrum f\u00fcr Pr\u00e4vention und Ern\u00e4hrung\" \/>\n<meta property=\"article:modified_time\" content=\"2026-05-08T16:29:25+00:00\" \/>\n<meta property=\"og:image\" content=\"https:\/\/bezugla.de\/wp-content\/uploads\/2026\/02\/logo-czentrum.png\" \/>\n\t<meta property=\"og:image:width\" content=\"420\" \/>\n\t<meta property=\"og:image:height\" content=\"335\" \/>\n\t<meta property=\"og:image:type\" content=\"image\/png\" \/>\n<meta name=\"twitter:card\" content=\"summary_large_image\" \/>\n<meta name=\"twitter:label1\" content=\"Est. reading time\" \/>\n\t<meta name=\"twitter:data1\" content=\"1 minute\" \/>\n<script type=\"application\/ld+json\" class=\"yoast-schema-graph\">{\"@context\":\"https:\\\/\\\/schema.org\",\"@graph\":[{\"@type\":\"WebPage\",\"@id\":\"https:\\\/\\\/bezugla.de\\\/en\\\/cooperation-specialist-clinics-berlin\\\/\",\"url\":\"https:\\\/\\\/bezugla.de\\\/en\\\/cooperation-specialist-clinics-berlin\\\/\",\"name\":\"Diagnostics & cooperation with clinics in Berlin\",\"isPartOf\":{\"@id\":\"https:\\\/\\\/bezugla.de\\\/en\\\/#website\"},\"datePublished\":\"2026-02-13T19:33:54+00:00\",\"dateModified\":\"2026-05-08T16:29:25+00:00\",\"description\":\"Cooperation with specialist clinics in Berlin. We provide organizational support and integrate medical findings into your nutritional strategy.\",\"breadcrumb\":{\"@id\":\"https:\\\/\\\/bezugla.de\\\/en\\\/cooperation-specialist-clinics-berlin\\\/#breadcrumb\"},\"inLanguage\":\"en-US\",\"potentialAction\":[{\"@type\":\"ReadAction\",\"target\":[\"https:\\\/\\\/bezugla.de\\\/en\\\/cooperation-specialist-clinics-berlin\\\/\"]}]},{\"@type\":\"BreadcrumbList\",\"@id\":\"https:\\\/\\\/bezugla.de\\\/en\\\/cooperation-specialist-clinics-berlin\\\/#breadcrumb\",\"itemListElement\":[{\"@type\":\"ListItem\",\"position\":1,\"name\":\"Home\",\"item\":\"https:\\\/\\\/bezugla.de\\\/en\\\/\"},{\"@type\":\"ListItem\",\"position\":2,\"name\":\"Cooperation with Specialist Clinics in Berlin\"}]},{\"@type\":\"WebSite\",\"@id\":\"https:\\\/\\\/bezugla.de\\\/en\\\/#website\",\"url\":\"https:\\\/\\\/bezugla.de\\\/en\\\/\",\"name\":\"Zentrum f\u00fcr Pr\u00e4vention und Ern\u00e4hrung\",\"description\":\"Evidenzbasierte Ern\u00e4hrungsberatung und Pr\u00e4vention in Berlin\",\"publisher\":{\"@id\":\"https:\\\/\\\/bezugla.de\\\/en\\\/#organization\"},\"alternateName\":\"Pr\u00e4vention & Ern\u00e4hrung Berlin\",\"potentialAction\":[{\"@type\":\"SearchAction\",\"target\":{\"@type\":\"EntryPoint\",\"urlTemplate\":\"https:\\\/\\\/bezugla.de\\\/en\\\/?s={search_term_string}\"},\"query-input\":{\"@type\":\"PropertyValueSpecification\",\"valueRequired\":true,\"valueName\":\"search_term_string\"}}],\"inLanguage\":\"en-US\"},{\"@type\":\"Organization\",\"@id\":\"https:\\\/\\\/bezugla.de\\\/en\\\/#organization\",\"name\":\"Zentrum f\u00fcr Pr\u00e4vention und Ern\u00e4hrung\",\"alternateName\":\"Pr\u00e4vention & Ern\u00e4hrung Berlin\",\"url\":\"https:\\\/\\\/bezugla.de\\\/en\\\/\",\"logo\":{\"@type\":\"ImageObject\",\"inLanguage\":\"en-US\",\"@id\":\"https:\\\/\\\/bezugla.de\\\/en\\\/#\\\/schema\\\/logo\\\/image\\\/\",\"url\":\"https:\\\/\\\/bezugla.de\\\/wp-content\\\/uploads\\\/2026\\\/02\\\/logo-czentrum.png\",\"contentUrl\":\"https:\\\/\\\/bezugla.de\\\/wp-content\\\/uploads\\\/2026\\\/02\\\/logo-czentrum.png\",\"width\":420,\"height\":335,\"caption\":\"Zentrum f\u00fcr Pr\u00e4vention und Ern\u00e4hrung\"},\"image\":{\"@id\":\"https:\\\/\\\/bezugla.de\\\/en\\\/#\\\/schema\\\/logo\\\/image\\\/\"}}]}<\/script>\n<!-- \/ Yoast SEO plugin. -->","yoast_head_json":{"title":"Diagnostics & cooperation with clinics in Berlin","description":"Cooperation with specialist clinics in Berlin. We provide organizational support and integrate medical findings into your nutritional strategy.","robots":{"index":"noindex","follow":"follow","max-snippet":"max-snippet:-1","max-image-preview":"max-image-preview:large","max-video-preview":"max-video-preview:-1"},"og_locale":"en_US","og_type":"article","og_title":"Diagnostics & cooperation with clinics in Berlin","og_description":"Cooperation with specialist clinics in Berlin. We provide organizational support and integrate medical findings into your nutritional strategy.","og_url":"https:\/\/bezugla.de\/en\/cooperation-specialist-clinics-berlin\/","og_site_name":"Zentrum f\u00fcr Pr\u00e4vention und Ern\u00e4hrung","article_modified_time":"2026-05-08T16:29:25+00:00","og_image":[{"width":420,"height":335,"url":"https:\/\/bezugla.de\/wp-content\/uploads\/2026\/02\/logo-czentrum.png","type":"image\/png"}],"twitter_card":"summary_large_image","twitter_misc":{"Est. reading time":"1 minute"},"schema":{"@context":"https:\/\/schema.org","@graph":[{"@type":"WebPage","@id":"https:\/\/bezugla.de\/en\/cooperation-specialist-clinics-berlin\/","url":"https:\/\/bezugla.de\/en\/cooperation-specialist-clinics-berlin\/","name":"Diagnostics & cooperation with clinics in Berlin","isPartOf":{"@id":"https:\/\/bezugla.de\/en\/#website"},"datePublished":"2026-02-13T19:33:54+00:00","dateModified":"2026-05-08T16:29:25+00:00","description":"Cooperation with specialist clinics in Berlin. We provide organizational support and integrate medical findings into your nutritional strategy.","breadcrumb":{"@id":"https:\/\/bezugla.de\/en\/cooperation-specialist-clinics-berlin\/#breadcrumb"},"inLanguage":"en-US","potentialAction":[{"@type":"ReadAction","target":["https:\/\/bezugla.de\/en\/cooperation-specialist-clinics-berlin\/"]}]},{"@type":"BreadcrumbList","@id":"https:\/\/bezugla.de\/en\/cooperation-specialist-clinics-berlin\/#breadcrumb","itemListElement":[{"@type":"ListItem","position":1,"name":"Home","item":"https:\/\/bezugla.de\/en\/"},{"@type":"ListItem","position":2,"name":"Cooperation with Specialist Clinics in Berlin"}]},{"@type":"WebSite","@id":"https:\/\/bezugla.de\/en\/#website","url":"https:\/\/bezugla.de\/en\/","name":"Zentrum f\u00fcr Pr\u00e4vention und Ern\u00e4hrung","description":"Evidenzbasierte Ern\u00e4hrungsberatung und Pr\u00e4vention in Berlin","publisher":{"@id":"https:\/\/bezugla.de\/en\/#organization"},"alternateName":"Pr\u00e4vention & Ern\u00e4hrung Berlin","potentialAction":[{"@type":"SearchAction","target":{"@type":"EntryPoint","urlTemplate":"https:\/\/bezugla.de\/en\/?s={search_term_string}"},"query-input":{"@type":"PropertyValueSpecification","valueRequired":true,"valueName":"search_term_string"}}],"inLanguage":"en-US"},{"@type":"Organization","@id":"https:\/\/bezugla.de\/en\/#organization","name":"Zentrum f\u00fcr Pr\u00e4vention und Ern\u00e4hrung","alternateName":"Pr\u00e4vention & Ern\u00e4hrung Berlin","url":"https:\/\/bezugla.de\/en\/","logo":{"@type":"ImageObject","inLanguage":"en-US","@id":"https:\/\/bezugla.de\/en\/#\/schema\/logo\/image\/","url":"https:\/\/bezugla.de\/wp-content\/uploads\/2026\/02\/logo-czentrum.png","contentUrl":"https:\/\/bezugla.de\/wp-content\/uploads\/2026\/02\/logo-czentrum.png","width":420,"height":335,"caption":"Zentrum f\u00fcr Pr\u00e4vention und Ern\u00e4hrung"},"image":{"@id":"https:\/\/bezugla.de\/en\/#\/schema\/logo\/image\/"}}]}},"_links":{"self":[{"href":"https:\/\/bezugla.de\/en\/wp-json\/wp\/v2\/pages\/996","targetHints":{"allow":["GET"]}}],"collection":[{"href":"https:\/\/bezugla.de\/en\/wp-json\/wp\/v2\/pages"}],"about":[{"href":"https:\/\/bezugla.de\/en\/wp-json\/wp\/v2\/types\/page"}],"author":[{"embeddable":true,"href":"https:\/\/bezugla.de\/en\/wp-json\/wp\/v2\/users\/1"}],"replies":[{"embeddable":true,"href":"https:\/\/bezugla.de\/en\/wp-json\/wp\/v2\/comments?post=996"}],"version-history":[{"count":0,"href":"https:\/\/bezugla.de\/en\/wp-json\/wp\/v2\/pages\/996\/revisions"}],"wp:attachment":[{"href":"https:\/\/bezugla.de\/en\/wp-json\/wp\/v2\/media?parent=996"}],"curies":[{"name":"wp","href":"https:\/\/api.w.org\/{rel}","templated":true}]}}