{"id":1338,"date":"2026-04-05T18:56:12","date_gmt":"2026-04-05T16:56:12","guid":{"rendered":"https:\/\/bezugla.de\/store\/"},"modified":"2026-04-05T18:56:12","modified_gmt":"2026-04-05T16:56:12","slug":"store","status":"publish","type":"page","link":"https:\/\/bezugla.de\/en\/store\/","title":{"rendered":"Store"},"content":{"rendered":"","protected":false},"excerpt":{"rendered":"","protected":false},"author":1,"featured_media":0,"parent":0,"menu_order":0,"comment_status":"closed","ping_status":"closed","template":"","meta":{"_acf_changed":false,"inline_featured_image":false,"footnotes":""},"class_list":["post-1338","page","type-page","status-publish","hentry"],"acf":[],"yoast_head":"<!-- This site is optimized with the Yoast SEO plugin v27.4 - https:\/\/yoast.com\/product\/yoast-seo-wordpress\/ -->\n<title>Store - Zentrum f\u00fcr Pr\u00e4vention und Ern\u00e4hrung<\/title>\n<meta name=\"robots\" content=\"noindex, follow, max-snippet:-1, max-image-preview:large, max-video-preview:-1\" \/>\n<meta property=\"og:locale\" content=\"en_US\" \/>\n<meta property=\"og:type\" content=\"article\" \/>\n<meta property=\"og:title\" content=\"Store - Zentrum f\u00fcr Pr\u00e4vention und Ern\u00e4hrung\" \/>\n<meta property=\"og:url\" content=\"https:\/\/bezugla.de\/en\/store\/\" \/>\n<meta property=\"og:site_name\" content=\"Zentrum f\u00fcr Pr\u00e4vention und Ern\u00e4hrung\" \/>\n<meta property=\"og:image\" content=\"https:\/\/bezugla.de\/wp-content\/uploads\/2026\/02\/logo-czentrum.png\" \/>\n\t<meta property=\"og:image:width\" content=\"420\" \/>\n\t<meta property=\"og:image:height\" content=\"335\" \/>\n\t<meta property=\"og:image:type\" content=\"image\/png\" \/>\n<meta name=\"twitter:card\" content=\"summary_large_image\" \/>\n<script type=\"application\/ld+json\" class=\"yoast-schema-graph\">{\"@context\":\"https:\\\/\\\/schema.org\",\"@graph\":[{\"@type\":\"WebPage\",\"@id\":\"https:\\\/\\\/bezugla.de\\\/en\\\/store\\\/\",\"url\":\"https:\\\/\\\/bezugla.de\\\/en\\\/store\\\/\",\"name\":\"Store - Zentrum f\u00fcr Pr\u00e4vention und Ern\u00e4hrung\",\"isPartOf\":{\"@id\":\"https:\\\/\\\/bezugla.de\\\/en\\\/#website\"},\"datePublished\":\"2026-04-05T16:56:12+00:00\",\"breadcrumb\":{\"@id\":\"https:\\\/\\\/bezugla.de\\\/en\\\/store\\\/#breadcrumb\"},\"inLanguage\":\"en-US\",\"potentialAction\":[{\"@type\":\"ReadAction\",\"target\":[\"https:\\\/\\\/bezugla.de\\\/en\\\/store\\\/\"]}]},{\"@type\":\"BreadcrumbList\",\"@id\":\"https:\\\/\\\/bezugla.de\\\/en\\\/store\\\/#breadcrumb\",\"itemListElement\":[{\"@type\":\"ListItem\",\"position\":1,\"name\":\"Home\",\"item\":\"https:\\\/\\\/bezugla.de\\\/en\\\/\"},{\"@type\":\"ListItem\",\"position\":2,\"name\":\"Store\"}]},{\"@type\":\"WebSite\",\"@id\":\"https:\\\/\\\/bezugla.de\\\/en\\\/#website\",\"url\":\"https:\\\/\\\/bezugla.de\\\/en\\\/\",\"name\":\"Zentrum f\u00fcr Pr\u00e4vention und Ern\u00e4hrung\",\"description\":\"Evidenzbasierte Ern\u00e4hrungsberatung und Pr\u00e4vention in Berlin\",\"publisher\":{\"@id\":\"https:\\\/\\\/bezugla.de\\\/en\\\/#organization\"},\"alternateName\":\"Pr\u00e4vention & Ern\u00e4hrung Berlin\",\"potentialAction\":[{\"@type\":\"SearchAction\",\"target\":{\"@type\":\"EntryPoint\",\"urlTemplate\":\"https:\\\/\\\/bezugla.de\\\/en\\\/?s={search_term_string}\"},\"query-input\":{\"@type\":\"PropertyValueSpecification\",\"valueRequired\":true,\"valueName\":\"search_term_string\"}}],\"inLanguage\":\"en-US\"},{\"@type\":\"Organization\",\"@id\":\"https:\\\/\\\/bezugla.de\\\/en\\\/#organization\",\"name\":\"Zentrum f\u00fcr Pr\u00e4vention und Ern\u00e4hrung\",\"alternateName\":\"Pr\u00e4vention & Ern\u00e4hrung Berlin\",\"url\":\"https:\\\/\\\/bezugla.de\\\/en\\\/\",\"logo\":{\"@type\":\"ImageObject\",\"inLanguage\":\"en-US\",\"@id\":\"https:\\\/\\\/bezugla.de\\\/en\\\/#\\\/schema\\\/logo\\\/image\\\/\",\"url\":\"https:\\\/\\\/bezugla.de\\\/wp-content\\\/uploads\\\/2026\\\/02\\\/logo-czentrum.png\",\"contentUrl\":\"https:\\\/\\\/bezugla.de\\\/wp-content\\\/uploads\\\/2026\\\/02\\\/logo-czentrum.png\",\"width\":420,\"height\":335,\"caption\":\"Zentrum f\u00fcr Pr\u00e4vention und Ern\u00e4hrung\"},\"image\":{\"@id\":\"https:\\\/\\\/bezugla.de\\\/en\\\/#\\\/schema\\\/logo\\\/image\\\/\"}}]}<\/script>\n<!-- \/ Yoast SEO plugin. -->","yoast_head_json":{"title":"Store - Zentrum f\u00fcr Pr\u00e4vention und Ern\u00e4hrung","robots":{"index":"noindex","follow":"follow","max-snippet":"max-snippet:-1","max-image-preview":"max-image-preview:large","max-video-preview":"max-video-preview:-1"},"og_locale":"en_US","og_type":"article","og_title":"Store - Zentrum f\u00fcr Pr\u00e4vention und Ern\u00e4hrung","og_url":"https:\/\/bezugla.de\/en\/store\/","og_site_name":"Zentrum f\u00fcr Pr\u00e4vention und Ern\u00e4hrung","og_image":[{"width":420,"height":335,"url":"https:\/\/bezugla.de\/wp-content\/uploads\/2026\/02\/logo-czentrum.png","type":"image\/png"}],"twitter_card":"summary_large_image","schema":{"@context":"https:\/\/schema.org","@graph":[{"@type":"WebPage","@id":"https:\/\/bezugla.de\/en\/store\/","url":"https:\/\/bezugla.de\/en\/store\/","name":"Store - Zentrum f\u00fcr Pr\u00e4vention und Ern\u00e4hrung","isPartOf":{"@id":"https:\/\/bezugla.de\/en\/#website"},"datePublished":"2026-04-05T16:56:12+00:00","breadcrumb":{"@id":"https:\/\/bezugla.de\/en\/store\/#breadcrumb"},"inLanguage":"en-US","potentialAction":[{"@type":"ReadAction","target":["https:\/\/bezugla.de\/en\/store\/"]}]},{"@type":"BreadcrumbList","@id":"https:\/\/bezugla.de\/en\/store\/#breadcrumb","itemListElement":[{"@type":"ListItem","position":1,"name":"Home","item":"https:\/\/bezugla.de\/en\/"},{"@type":"ListItem","position":2,"name":"Store"}]},{"@type":"WebSite","@id":"https:\/\/bezugla.de\/en\/#website","url":"https:\/\/bezugla.de\/en\/","name":"Zentrum f\u00fcr Pr\u00e4vention und Ern\u00e4hrung","description":"Evidenzbasierte Ern\u00e4hrungsberatung und Pr\u00e4vention in Berlin","publisher":{"@id":"https:\/\/bezugla.de\/en\/#organization"},"alternateName":"Pr\u00e4vention & Ern\u00e4hrung Berlin","potentialAction":[{"@type":"SearchAction","target":{"@type":"EntryPoint","urlTemplate":"https:\/\/bezugla.de\/en\/?s={search_term_string}"},"query-input":{"@type":"PropertyValueSpecification","valueRequired":true,"valueName":"search_term_string"}}],"inLanguage":"en-US"},{"@type":"Organization","@id":"https:\/\/bezugla.de\/en\/#organization","name":"Zentrum f\u00fcr Pr\u00e4vention und Ern\u00e4hrung","alternateName":"Pr\u00e4vention & Ern\u00e4hrung Berlin","url":"https:\/\/bezugla.de\/en\/","logo":{"@type":"ImageObject","inLanguage":"en-US","@id":"https:\/\/bezugla.de\/en\/#\/schema\/logo\/image\/","url":"https:\/\/bezugla.de\/wp-content\/uploads\/2026\/02\/logo-czentrum.png","contentUrl":"https:\/\/bezugla.de\/wp-content\/uploads\/2026\/02\/logo-czentrum.png","width":420,"height":335,"caption":"Zentrum f\u00fcr Pr\u00e4vention und Ern\u00e4hrung"},"image":{"@id":"https:\/\/bezugla.de\/en\/#\/schema\/logo\/image\/"}}]}},"_links":{"self":[{"href":"https:\/\/bezugla.de\/en\/wp-json\/wp\/v2\/pages\/1338","targetHints":{"allow":["GET"]}}],"collection":[{"href":"https:\/\/bezugla.de\/en\/wp-json\/wp\/v2\/pages"}],"about":[{"href":"https:\/\/bezugla.de\/en\/wp-json\/wp\/v2\/types\/page"}],"author":[{"embeddable":true,"href":"https:\/\/bezugla.de\/en\/wp-json\/wp\/v2\/users\/1"}],"replies":[{"embeddable":true,"href":"https:\/\/bezugla.de\/en\/wp-json\/wp\/v2\/comments?post=1338"}],"version-history":[{"count":0,"href":"https:\/\/bezugla.de\/en\/wp-json\/wp\/v2\/pages\/1338\/revisions"}],"wp:attachment":[{"href":"https:\/\/bezugla.de\/en\/wp-json\/wp\/v2\/media?parent=1338"}],"curies":[{"name":"wp","href":"https:\/\/api.w.org\/{rel}","templated":true}]}}